{"id":14,"date":"2026-03-20T11:55:35","date_gmt":"2026-03-20T10:55:35","guid":{"rendered":"https:\/\/fermarmultiservicios.com\/contact\/"},"modified":"2026-03-22T18:16:14","modified_gmt":"2026-03-22T17:16:14","slug":"contact","status":"publish","type":"page","link":"https:\/\/fermarmultiservicios.com\/?page_id=14","title":{"rendered":"Contact"},"content":{"rendered":"\n<div class=\"wp-block-uagb-container uagb-layout-flex uagb-block-2c41d92f alignfull uagb-is-root-container\"><div class=\"uagb-container-inner-blocks-wrap\"><\/div><\/div>\n\n\n\n<div class=\"wp-block-uagb-container uagb-layout-flex uagb-block-e82af15f alignfull uagb-is-root-container\"><div class=\"uagb-container-inner-blocks-wrap\">\n<div class=\"wp-block-uagb-container uagb-block-e55db0f9\">\n<div class=\"wp-block-uagb-container uag-blocks-common-selector uagb-layout-flex uagb-block-4a44375c\">\n<div class=\"wp-block-uagb-info-box uagb-block-0c1ea6af uagb-infobox__content-wrap  uagb-infobox-icon-above-title uagb-infobox-image-valign-top wp-block-uagb-info-box--has-margin\"><div class=\"uagb-infobox-margin-wrapper\"><div class=\"uagb-ifb-content\"><div class=\"uagb-ifb-title-wrap\"><p class=\"uagb-ifb-title-prefix\">Cont\u00e1ctanos<\/p><h1 class=\"uagb-ifb-title\">Estamos aqu\u00ed para resolver tus necesidades<\/h1><\/div><p class=\"uagb-ifb-desc\">En Fermar Multiservicios, estamos comprometidos a ofrecerte ayuda r\u00e1pida, profesional y eficiente en todos tus proyectos de instalaci\u00f3n y reparaci\u00f3n.<\/p><\/div><\/div><\/div>\n<\/div>\n\n\n\n<div class=\"wp-block-uagb-container uag-blocks-common-selector uagb-layout-flex uagb-block-9b437d79\">\n<div class=\"wp-block-uagb-forms uagb-forms__outer-wrap uagb-block-3c3a473a uagb-forms__medium-btn\"><form class=\"uagb-forms-main-form\" method=\"post\" autocomplete=\"on\" name=\"uagb-form-3c3a473a\">\n<div class=\"wp-block-uagb-forms-name uagb-forms-name-wrap uagb-forms-field-set uagb-block-7893ece7\"><div class=\"uagb-forms-name-label required uagb-forms-input-label\" id=\"7893ece7\">First Name<\/div><input type=\"text\" placeholder=\"Nombre\" required class=\"uagb-forms-name-input uagb-forms-input\" name=\"7893ece7\" autocomplete=\"name\"\/><\/div>\n\n\n\n<div class=\"wp-block-uagb-forms-email uagb-forms-email-wrap uagb-forms-field-set uagb-block-85a6cdbb\"><div class=\"uagb-forms-email-label  uagb-forms-input-label\" id=\"85a6cdbb\">Email<\/div><input type=\"email\" class=\"uagb-forms-email-input uagb-forms-input\" placeholder=\"Correo electr\u00f3nico\" name=\"85a6cdbb\" autocomplete=\"email\"\/><\/div>\n\n\n\n<div class=\"wp-block-uagb-forms-name uagb-forms-name-wrap uagb-forms-field-set uagb-block-94e12cd9\"><div class=\"uagb-forms-name-label required uagb-forms-input-label\" id=\"94e12cd9\">First Name<\/div><input type=\"text\" placeholder=\"Tel\u00e9fono\" required class=\"uagb-forms-name-input uagb-forms-input\" name=\"94e12cd9\" autocomplete=\"name\"\/><\/div>\n\n\n\n<div class=\"wp-block-uagb-forms-textarea uagb-forms-textarea-wrap uagb-forms-field-set uagb-block-29bbf17c\"><div class=\"uagb-forms-textarea-label required uagb-forms-input-label\" id=\"29bbf17c\">Message<\/div><textarea required class=\"uagb-forms-textarea-input uagb-forms-input\" rows=\"5\" placeholder=\"Detalles sobre la renovaci\u00f3n..\" name=\"29bbf17c\" autocomplete=\"off\"><\/textarea><\/div>\n<div class=\"uagb-forms-form-hidden-data\"><input type=\"hidden\" class=\"uagb_forms_form_label\" value=\"Spectra Form\"\/><input type=\"hidden\" class=\"uagb_forms_form_id\" value=\"uagb-form-3c3a473a\"\/><\/div><div class=\"uagb-form-reacaptcha-error-3c3a473a\"><\/div><div class=\"uagb-forms-main-submit-button-wrap wp-block-button\"><button class=\"uagb-forms-main-submit-button wp-block-button__link\"><div class=\"uagb-forms-main-submit-button-text\">Enviar un mensaje<\/div><\/button><\/div><\/form><div class=\"uagb-forms-success-message-3c3a473a uagb-forms-submit-message-hide\"><span>The form has been submitted successfully!<\/span><\/div><div class=\"uagb-forms-failed-message-3c3a473a uagb-forms-submit-message-hide\"><span>There has been some error while submitting the form. Please verify all form fields again.<\/span><\/div><\/div>\n<\/div>\n<\/div>\n\n\n\n<div class=\"wp-block-uagb-container uagb-block-081f022b\">\n<div class=\"wp-block-uagb-container uag-blocks-common-selector uagb-layout-grid uagb-block-a7fd5171\">\n<div class=\"wp-block-uagb-advanced-heading uagb-block-1ddee0e8\"><p class=\"uagb-desc-text\">Formulario de contacto<\/p><h2 class=\"uagb-heading-text\">D\u00e9janos tu mensaje y consulta<\/h2><\/div>\n\n\n\n<div class=\"wp-block-uagb-advanced-heading uagb-block-9ae84018\"><p class=\"uagb-desc-text\">Tel\u00e9fono<\/p><h3 class=\"uagb-heading-text\">643809593<\/h3><\/div>\n\n\n\n<div class=\"wp-block-uagb-advanced-heading uagb-block-10800393\"><p class=\"uagb-desc-text\">Correo electr\u00f3nico<\/p><h4 class=\"uagb-heading-text\">fermarmultiservicios@gmail.com<\/h4><\/div>\n\n\n\n<div class=\"wp-block-uagb-advanced-heading uagb-block-a80fb6e7\"><\/div>\n\n\n\n<div class=\"wp-block-uagb-container uagb-layout-grid uagb-block-5ff8458a\">\n<p><\/p>\n\n\n\n<div class=\"wp-block-uagb-icon-list uagb-block-d85557ab\"><div class=\"uagb-icon-list__wrap\"><\/div><\/div>\n<\/div>\n<\/div>\n<\/div>\n<\/div><\/div>\n\n\n\n<div class=\"wp-block-uagb-container uag-hide-desktop uag-hide-tab uag-hide-mob uagb-layout-flex uagb-block-8a2d2ef5 alignfull uagb-is-root-container\"><div class=\"uagb-container-inner-blocks-wrap\">\n<div class=\"wp-block-uagb-container uagb-block-758bc507\">\n<div class=\"wp-block-uagb-container uag-blocks-common-selector uagb-layout-flex uagb-block-de4c377f\">\n<div class=\"wp-block-uagb-info-box uagb-block-b6f78f82 uagb-infobox__content-wrap  uagb-infobox-icon-above-title uagb-infobox-image-valign-top wp-block-uagb-info-box--has-margin\"><div class=\"uagb-infobox-margin-wrapper\"><div class=\"uagb-ifb-content\"><div class=\"uagb-ifb-title-wrap\"><p class=\"uagb-ifb-title-prefix\">Cont\u00e1ctanos<\/p><h1 class=\"uagb-ifb-title\">Estamos aqu\u00ed para resolver tus necesidades<\/h1><\/div><p class=\"uagb-ifb-desc\">En Fermar Multiservicios, estamos comprometidos a ofrecerte ayuda r\u00e1pida, profesional y eficiente en todos tus proyectos de instalaci\u00f3n y reparaci\u00f3n.<\/p><\/div><\/div><\/div>\n<\/div>\n\n\n\n<div class=\"wp-block-uagb-container uag-blocks-common-selector uagb-layout-flex uagb-block-7b030722\"><p>[sureforms id=\u00bb1210&#8243;]<\/p>\n<\/div>\n<\/div>\n\n\n\n<div class=\"wp-block-uagb-container uagb-block-4c0b866d\">\n<div class=\"wp-block-uagb-container uag-blocks-common-selector uagb-layout-grid uagb-block-668dc699\">\n<p>D\u00e9janos tu mensaje y consulta<\/p>\n\n\n\n<div class=\"wp-block-uagb-advanced-heading uagb-block-c4d4a24e\"><p class=\"uagb-desc-text\">Tel\u00e9fono<\/p><h3 class=\"uagb-heading-text\">643809593<\/h3><\/div>\n\n\n\n<div class=\"wp-block-uagb-advanced-heading uagb-block-8b2a97fe\"><p class=\"uagb-desc-text\">Correo electr\u00f3nico<\/p><h4 class=\"uagb-heading-text\">fermarmultiservicios@gmail.com<\/h4><\/div>\n\n\n\n<div class=\"wp-block-uagb-advanced-heading uagb-block-9451507f\"><\/div>\n\n\n\n<div class=\"wp-block-uagb-container uagb-layout-grid uagb-block-ce5f8288\">\n<div class=\"wp-block-uagb-advanced-heading uagb-block-0bec4b07\"><\/div>\n\n\n\n<div class=\"wp-block-uagb-icon-list uagb-block-c8a5333a\"><div class=\"uagb-icon-list__wrap\"><\/div><\/div>\n<\/div>\n<\/div>\n<\/div>\n<\/div><\/div>\n\n\n\n<div class=\"wp-block-uagb-container uagb-block-bf6e3552 alignfull uagb-is-root-container\"><div class=\"uagb-container-inner-blocks-wrap\">\n<div class=\"wp-block-uagb-advanced-heading uagb-block-79e45154\"><p class=\"uagb-desc-text\">Preguntas frecuentes<\/p><h2 class=\"uagb-heading-text\">Respuestas a tus preguntas sobre nuestros servicios<\/h2><\/div>\n\n\n<div class=\"wp-block-uagb-faq uagb-faq__outer-wrap uagb-block-e45e55d0 uagb-faq-icon-row uagb-faq-layout-accordion uagb-faq-expand-first-false uagb-faq-inactive-other-true uagb-faq__wrap uagb-buttons-layout-wrap uagb-faq-equal-height     \" data-faqtoggle=\"true\" role=\"tablist\"><div class=\"wp-block-uagb-faq-child uagb-faq-child__outer-wrap uagb-faq-item uagb-block-d220d58f \" role=\"tab\" tabindex=\"0\"><div class=\"uagb-faq-questions-button uagb-faq-questions\">\t\t\t<span class=\"uagb-icon uagb-faq-icon-wrap\">\n\t\t\t\t\t\t\t\t<svg xmlns=\"https:\/\/www.w3.org\/2000\/svg\" viewBox= \"0 0 384 512\"><path d=\"M192 384c-8.188 0-16.38-3.125-22.62-9.375l-160-160c-12.5-12.5-12.5-32.75 0-45.25s32.75-12.5 45.25 0L192 306.8l137.4-137.4c12.5-12.5 32.75-12.5 45.25 0s12.5 32.75 0 45.25l-160 160C208.4 380.9 200.2 384 192 384z\"><\/path><\/svg>\n\t\t\t\t\t\t\t<\/span>\n\t\t\t\t\t\t<span class=\"uagb-icon-active uagb-faq-icon-wrap\">\n\t\t\t\t\t\t\t\t<svg xmlns=\"https:\/\/www.w3.org\/2000\/svg\" viewBox= \"0 0 384 512\"><path d=\"M352 352c-8.188 0-16.38-3.125-22.62-9.375L192 205.3l-137.4 137.4c-12.5 12.5-32.75 12.5-45.25 0s-12.5-32.75 0-45.25l160-160c12.5-12.5 32.75-12.5 45.25 0l160 160c12.5 12.5 12.5 32.75 0 45.25C368.4 348.9 360.2 352 352 352z\"><\/path><\/svg>\n\t\t\t\t\t\t\t<\/span>\n\t\t\t<span class=\"uagb-question\">\u00bfQu\u00e9 servicios ofrec\u00e9is en fontaner\u00eda?<\/span><\/div><div class=\"uagb-faq-content\"><p>Ofrecemos instalaci\u00f3n, reparaci\u00f3n y mantenimiento de sistemas de fontaner\u00eda, as\u00ed como soluciones personalizadas para los hogares y empresas.<\/p><\/div><\/div><div class=\"wp-block-uagb-faq-child uagb-faq-child__outer-wrap uagb-faq-item uagb-block-58f3c6cb \" role=\"tab\" tabindex=\"0\"><div class=\"uagb-faq-questions-button uagb-faq-questions\">\t\t\t<span class=\"uagb-icon uagb-faq-icon-wrap\">\n\t\t\t\t\t\t\t\t<svg xmlns=\"https:\/\/www.w3.org\/2000\/svg\" viewBox= \"0 0 384 512\"><path d=\"M192 384c-8.188 0-16.38-3.125-22.62-9.375l-160-160c-12.5-12.5-12.5-32.75 0-45.25s32.75-12.5 45.25 0L192 306.8l137.4-137.4c12.5-12.5 32.75-12.5 45.25 0s12.5 32.75 0 45.25l-160 160C208.4 380.9 200.2 384 192 384z\"><\/path><\/svg>\n\t\t\t\t\t\t\t<\/span>\n\t\t\t\t\t\t<span class=\"uagb-icon-active uagb-faq-icon-wrap\">\n\t\t\t\t\t\t\t\t<svg xmlns=\"https:\/\/www.w3.org\/2000\/svg\" viewBox= \"0 0 384 512\"><path d=\"M352 352c-8.188 0-16.38-3.125-22.62-9.375L192 205.3l-137.4 137.4c-12.5 12.5-32.75 12.5-45.25 0s-12.5-32.75 0-45.25l160-160c12.5-12.5 32.75-12.5 45.25 0l160 160c12.5 12.5 12.5 32.75 0 45.25C368.4 348.9 360.2 352 352 352z\"><\/path><\/svg>\n\t\t\t\t\t\t\t<\/span>\n\t\t\t<span class=\"uagb-question\">\u00bfRealiz\u00e1is trabajos de electricidad tambi\u00e9n?<\/span><\/div><div class=\"uagb-faq-content\"><p>S\u00ed, nuestros expertos est\u00e1n capacitados para llevar a cabo instalaciones y reparaciones el\u00e9ctricas, garantizando la seguridad y eficiencia de los sistemas.<\/p><\/div><\/div><div class=\"wp-block-uagb-faq-child uagb-faq-child__outer-wrap uagb-faq-item uagb-block-353a6771 \" role=\"tab\" tabindex=\"0\"><div class=\"uagb-faq-questions-button uagb-faq-questions\">\t\t\t<span class=\"uagb-icon uagb-faq-icon-wrap\">\n\t\t\t\t\t\t\t\t<svg xmlns=\"https:\/\/www.w3.org\/2000\/svg\" viewBox= \"0 0 384 512\"><path d=\"M192 384c-8.188 0-16.38-3.125-22.62-9.375l-160-160c-12.5-12.5-12.5-32.75 0-45.25s32.75-12.5 45.25 0L192 306.8l137.4-137.4c12.5-12.5 32.75-12.5 45.25 0s12.5 32.75 0 45.25l-160 160C208.4 380.9 200.2 384 192 384z\"><\/path><\/svg>\n\t\t\t\t\t\t\t<\/span>\n\t\t\t\t\t\t<span class=\"uagb-icon-active uagb-faq-icon-wrap\">\n\t\t\t\t\t\t\t\t<svg xmlns=\"https:\/\/www.w3.org\/2000\/svg\" viewBox= \"0 0 384 512\"><path d=\"M352 352c-8.188 0-16.38-3.125-22.62-9.375L192 205.3l-137.4 137.4c-12.5 12.5-32.75 12.5-45.25 0s-12.5-32.75 0-45.25l160-160c12.5-12.5 32.75-12.5 45.25 0l160 160c12.5 12.5 12.5 32.75 0 45.25C368.4 348.9 360.2 352 352 352z\"><\/path><\/svg>\n\t\t\t\t\t\t\t<\/span>\n\t\t\t<span class=\"uagb-question\">\u00bfHac\u00e9is reformas de pintura y pladur?<\/span><\/div><div class=\"uagb-faq-content\"><p>Por supuesto, ofrecemos servicios de pintura interior y exterior, as\u00ed como la instalaci\u00f3n y renovaci\u00f3n de paneles de pladur seg\u00fan las necesidades del cliente.<\/p><\/div><\/div><div class=\"wp-block-uagb-faq-child uagb-faq-child__outer-wrap uagb-faq-item uagb-block-c7e33612 \" role=\"tab\" tabindex=\"0\"><div class=\"uagb-faq-questions-button uagb-faq-questions\">\t\t\t<span class=\"uagb-icon uagb-faq-icon-wrap\">\n\t\t\t\t\t\t\t\t<svg xmlns=\"https:\/\/www.w3.org\/2000\/svg\" viewBox= \"0 0 384 512\"><path d=\"M192 384c-8.188 0-16.38-3.125-22.62-9.375l-160-160c-12.5-12.5-12.5-32.75 0-45.25s32.75-12.5 45.25 0L192 306.8l137.4-137.4c12.5-12.5 32.75-12.5 45.25 0s12.5 32.75 0 45.25l-160 160C208.4 380.9 200.2 384 192 384z\"><\/path><\/svg>\n\t\t\t\t\t\t\t<\/span>\n\t\t\t\t\t\t<span class=\"uagb-icon-active uagb-faq-icon-wrap\">\n\t\t\t\t\t\t\t\t<svg xmlns=\"https:\/\/www.w3.org\/2000\/svg\" viewBox= \"0 0 384 512\"><path d=\"M352 352c-8.188 0-16.38-3.125-22.62-9.375L192 205.3l-137.4 137.4c-12.5 12.5-32.75 12.5-45.25 0s-12.5-32.75 0-45.25l160-160c12.5-12.5 32.75-12.5 45.25 0l160 160c12.5 12.5 12.5 32.75 0 45.25C368.4 348.9 360.2 352 352 352z\"><\/path><\/svg>\n\t\t\t\t\t\t\t<\/span>\n\t\t\t<span class=\"uagb-question\">\u00bfD\u00f3nde est\u00e1is ubicados y cu\u00e1l es vuestra \u00e1rea de servicio?<\/span><\/div><div class=\"uagb-faq-content\"><p>Estamos ubicados en la provincia de Granada y ofrecemos nuestros servicios a toda la regi\u00f3n, garantizando calidad y atenci\u00f3n al cliente.<\/p><\/div><\/div><div class=\"wp-block-uagb-faq-child uagb-faq-child__outer-wrap uagb-faq-item uagb-block-93469da9 \" role=\"tab\" tabindex=\"0\"><div class=\"uagb-faq-questions-button uagb-faq-questions\">\t\t\t<span class=\"uagb-icon uagb-faq-icon-wrap\">\n\t\t\t\t\t\t\t\t<svg xmlns=\"https:\/\/www.w3.org\/2000\/svg\" viewBox= \"0 0 384 512\"><path d=\"M192 384c-8.188 0-16.38-3.125-22.62-9.375l-160-160c-12.5-12.5-12.5-32.75 0-45.25s32.75-12.5 45.25 0L192 306.8l137.4-137.4c12.5-12.5 32.75-12.5 45.25 0s12.5 32.75 0 45.25l-160 160C208.4 380.9 200.2 384 192 384z\"><\/path><\/svg>\n\t\t\t\t\t\t\t<\/span>\n\t\t\t\t\t\t<span class=\"uagb-icon-active uagb-faq-icon-wrap\">\n\t\t\t\t\t\t\t\t<svg xmlns=\"https:\/\/www.w3.org\/2000\/svg\" viewBox= \"0 0 384 512\"><path d=\"M352 352c-8.188 0-16.38-3.125-22.62-9.375L192 205.3l-137.4 137.4c-12.5 12.5-32.75 12.5-45.25 0s-12.5-32.75 0-45.25l160-160c12.5-12.5 32.75-12.5 45.25 0l160 160c12.5 12.5 12.5 32.75 0 45.25C368.4 348.9 360.2 352 352 352z\"><\/path><\/svg>\n\t\t\t\t\t\t\t<\/span>\n\t\t\t<span class=\"uagb-question\">\u00bfC\u00f3mo puedo solicitar un presupuesto?<\/span><\/div><div class=\"uagb-faq-content\"><p>Puedes solicitarnos un presupuesto a trav\u00e9s del formulario de contacto en nuestra p\u00e1gina web, y te responderemos a la brevedad.<\/p><\/div><\/div><\/div><\/div><\/div>\n\n\n\n<div class=\"wp-block-uagb-container uagb-layout-flex uagb-block-05314e7e alignfull uagb-is-root-container\"><div class=\"uagb-container-inner-blocks-wrap\">\n<div class=\"wp-block-uagb-info-box uagb-block-8ce7620c uagb-infobox__content-wrap  uagb-infobox-icon-above-title uagb-infobox-image-valign-top wp-block-uagb-info-box--has-margin\"><div class=\"uagb-infobox-margin-wrapper\"><div class=\"uagb-ifb-content\"><div class=\"uagb-ifb-title-wrap\"><p class=\"uagb-ifb-title-prefix\">\u00bfListo para empezar?<\/p><h1 class=\"uagb-ifb-title\">Cont\u00e1ctanos y transformemos tu espacio juntos.<\/h1><\/div><p class=\"uagb-ifb-desc\">Estamos aqu\u00ed para ayudarte con cualquier proyecto de instalaciones o reparaciones. Solicita m\u00e1s informaci\u00f3n hoy mismo.<\/p><div class=\"uagb-ifb-button-wrapper wp-block-button\"><a href=\"\/contact\" class=\"uagb-infobox-cta-link wp-block-button__link\" target=\"_self\" rel=\"noopener noreferrer\" onclick=\"return true;\"><span class=\"uagb-inline-editing\">Cont\u00e1ctanos ahora<\/span><\/a><\/div><\/div><\/div><\/div>\n\n\n\n<div class=\"wp-block-uagb-advanced-heading uagb-block-341ebfb8\"><div class=\"uagb-heading-text\">O<\/div><\/div>\n\n\n\n<div class=\"wp-block-uagb-advanced-heading uagb-block-fb2399ce\"><p class=\"uagb-heading-text\">Llamar: 643809593<\/p><\/div>\n<\/div><\/div>\n","protected":false},"excerpt":{"rendered":"<p>Formulario de contacto D\u00e9janos tu mensaje y consulta Tel\u00e9fono 643809593 Correo electr\u00f3nico fermarmultiservicios@gmail.com D\u00e9janos tu mensaje y consulta Tel\u00e9fono 643809593 [&hellip;]<\/p>\n","protected":false},"author":1,"featured_media":0,"parent":0,"menu_order":0,"comment_status":"closed","ping_status":"closed","template":"","meta":{"_uag_custom_page_level_css":"","site-sidebar-layout":"default","site-content-layout":"","ast-site-content-layout":"default","site-content-style":"default","site-sidebar-style":"default","ast-global-header-display":"","ast-banner-title-visibility":"","ast-main-header-display":"","ast-hfb-above-header-display":"","ast-hfb-below-header-display":"","ast-hfb-mobile-header-display":"","site-post-title":"disabled","ast-breadcrumbs-content":"","ast-featured-img":"","footer-sml-layout":"","ast-disable-related-posts":"","theme-transparent-header-meta":"","adv-header-id-meta":"","stick-header-meta":"","header-above-stick-meta":"","header-main-stick-meta":"","header-below-stick-meta":"","astra-migrate-meta-layouts":"default","ast-page-background-enabled":"default","ast-page-background-meta":{"desktop":{"background-color":"var(--ast-global-color-4)","background-image":"","background-repeat":"repeat","background-position":"center center","background-size":"auto","background-attachment":"scroll","background-type":"","background-media":"","overlay-type":"","overlay-color":"","overlay-opacity":"","overlay-gradient":""},"tablet":{"background-color":"","background-image":"","background-repeat":"repeat","background-position":"center center","background-size":"auto","background-attachment":"scroll","background-type":"","background-media":"","overlay-type":"","overlay-color":"","overlay-opacity":"","overlay-gradient":""},"mobile":{"background-color":"","background-image":"","background-repeat":"repeat","background-position":"center center","background-size":"auto","background-attachment":"scroll","background-type":"","background-media":"","overlay-type":"","overlay-color":"","overlay-opacity":"","overlay-gradient":""}},"ast-content-background-meta":{"desktop":{"background-color":"var(--ast-global-color-5)","background-image":"","background-repeat":"repeat","background-position":"center center","background-size":"auto","background-attachment":"scroll","background-type":"","background-media":"","overlay-type":"","overlay-color":"","overlay-opacity":"","overlay-gradient":""},"tablet":{"background-color":"var(--ast-global-color-5)","background-image":"","background-repeat":"repeat","background-position":"center center","background-size":"auto","background-attachment":"scroll","background-type":"","background-media":"","overlay-type":"","overlay-color":"","overlay-opacity":"","overlay-gradient":""},"mobile":{"background-color":"var(--ast-global-color-5)","background-image":"","background-repeat":"repeat","background-position":"center center","background-size":"auto","background-attachment":"scroll","background-type":"","background-media":"","overlay-type":"","overlay-color":"","overlay-opacity":"","overlay-gradient":""}},"footnotes":""},"class_list":["post-14","page","type-page","status-publish","hentry"],"uagb_featured_image_src":{"full":false,"thumbnail":false,"medium":false,"medium_large":false,"large":false,"1536x1536":false,"2048x2048":false},"uagb_author_info":{"display_name":"user15161220461633","author_link":"https:\/\/fermarmultiservicios.com\/?author=1"},"uagb_comment_info":0,"uagb_excerpt":"Formulario de contacto D\u00e9janos tu mensaje y consulta Tel\u00e9fono 643809593 Correo electr\u00f3nico fermarmultiservicios@gmail.com D\u00e9janos tu mensaje y consulta Tel\u00e9fono 643809593 [&hellip;]","_links":{"self":[{"href":"https:\/\/fermarmultiservicios.com\/index.php?rest_route=\/wp\/v2\/pages\/14","targetHints":{"allow":["GET"]}}],"collection":[{"href":"https:\/\/fermarmultiservicios.com\/index.php?rest_route=\/wp\/v2\/pages"}],"about":[{"href":"https:\/\/fermarmultiservicios.com\/index.php?rest_route=\/wp\/v2\/types\/page"}],"author":[{"embeddable":true,"href":"https:\/\/fermarmultiservicios.com\/index.php?rest_route=\/wp\/v2\/users\/1"}],"replies":[{"embeddable":true,"href":"https:\/\/fermarmultiservicios.com\/index.php?rest_route=%2Fwp%2Fv2%2Fcomments&post=14"}],"version-history":[{"count":5,"href":"https:\/\/fermarmultiservicios.com\/index.php?rest_route=\/wp\/v2\/pages\/14\/revisions"}],"predecessor-version":[{"id":1255,"href":"https:\/\/fermarmultiservicios.com\/index.php?rest_route=\/wp\/v2\/pages\/14\/revisions\/1255"}],"wp:attachment":[{"href":"https:\/\/fermarmultiservicios.com\/index.php?rest_route=%2Fwp%2Fv2%2Fmedia&parent=14"}],"curies":[{"name":"wp","href":"https:\/\/api.w.org\/{rel}","templated":true}]}}